{"id":6064,"date":"2018-01-12T14:33:43","date_gmt":"2018-01-12T13:33:43","guid":{"rendered":"https:\/\/treizemondial.fr\/boutique\/rugby-a-xiii\/non%20class\u00e9\/xiii-baroudeur-de-pia-mug-anniversaire\/"},"modified":"2019-03-08T15:35:13","modified_gmt":"2019-03-08T14:35:13","slug":"xiii-baroudeur-de-pia-mug-anniversaire","status":"publish","type":"product","link":"https:\/\/treizemondial.fr\/boutique\/rugby-a-xiii\/tasses-mugs\/xiii-baroudeur-de-pia-mug-anniversaire\/","title":{"rendered":"XIII Baroudeur de Pia &#8211; Mug (Anniversaire)"},"content":{"rendered":"<p style=\"text-align: justify;\">Pour les 20 ans du club, rien de mieux que ce mug anniversaire collector aux couleurs du XIII Baroudeur de Pia.<\/p>\n<p style=\"text-align: justify;\">\u2014\u2014\u2014\u2014\u2014\u2014\u2014-<\/p>\n<p style=\"text-align: justify;\">Que vous buviez votre caf\u00e9 du matin, votre th\u00e9 du soir ou quelque chose entre les deux, cette tasse est faite pour vous ! Elle est robuste et brillante avec un imprim\u00e9 vif qui r\u00e9siste au micro-ondes et au lave-vaisselle.<\/p>\n<p style=\"text-align: justify;\">\u2022 C\u00e9ramique<br \/>\n\u2022 Passe au micro-ondes et lave-vaisselle<br \/>\n\u2022 Blanc et brillant<\/p>\n","protected":false},"excerpt":{"rendered":"<p style=\"text-align: justify;\"><strong>Livraison gratuite sous 15 jours partout dans le monde<\/strong><\/p>\n<p style=\"text-align: justify;\"><strong>Free delivery within 15 days all over the world<\/strong><\/p>\n","protected":false},"featured_media":6068,"comment_status":"open","ping_status":"closed","template":"","meta":[],"product_brand":[],"product_cat":[31,50],"product_tag":[49,48,35,47,27,36,46],"class_list":{"0":"post-6064","1":"product","2":"type-product","3":"status-publish","4":"has-post-thumbnail","6":"product_cat-tasses-mugs","7":"product_cat-xiii-baroudeur-de-pia","8":"product_tag-20-ans","9":"product_tag-anniversaire","10":"product_tag-mug","11":"product_tag-pia","12":"product_tag-rugby-a-xiii","13":"product_tag-tasse","14":"product_tag-xiii-baroudeur-de-pia","16":"first","17":"instock","18":"taxable","19":"shipping-taxable","20":"purchasable","21":"product-type-variable","22":"has-default-attributes"},"yoast_head":"<!-- This site is optimized with the Yoast SEO plugin v26.0 - https:\/\/yoast.com\/wordpress\/plugins\/seo\/ -->\n<title>XIII Baroudeur de Pia - Mug (Anniversaire) - Treize Mondial<\/title>\n<meta name=\"description\" content=\"XIII Baroudeur de Pia - Mug (Anniversaire) : Pour les 20 ans du club, rien de mieux que ce mug anniversaire collector aux couleurs du XIII Baroudeur de Pia.\" \/>\n<meta name=\"robots\" content=\"index, follow, max-snippet:-1, max-image-preview:large, max-video-preview:-1\" \/>\n<link rel=\"canonical\" href=\"https:\/\/treizemondial.fr\/boutique\/rugby-a-xiii\/tasses-mugs\/xiii-baroudeur-de-pia-mug-anniversaire\/\" \/>\n<meta property=\"og:locale\" content=\"fr_FR\" \/>\n<meta property=\"og:type\" content=\"article\" \/>\n<meta property=\"og:title\" content=\"XIII Baroudeur de Pia - Mug (Anniversaire) - Treize Mondial\" \/>\n<meta property=\"og:description\" content=\"XIII Baroudeur de Pia - Mug (Anniversaire) : Pour les 20 ans du club, rien de mieux que ce mug anniversaire collector aux couleurs du XIII Baroudeur de Pia.\" \/>\n<meta property=\"og:url\" content=\"https:\/\/treizemondial.fr\/boutique\/rugby-a-xiii\/tasses-mugs\/xiii-baroudeur-de-pia-mug-anniversaire\/\" \/>\n<meta property=\"og:site_name\" content=\"Treize Mondial\" \/>\n<meta property=\"article:modified_time\" content=\"2019-03-08T14:35:13+00:00\" \/>\n<meta property=\"og:image\" content=\"https:\/\/treizemondial.fr\/boutique\/wp-content\/uploads\/2019\/01\/mockup-39b79736.jpg\" \/>\n\t<meta property=\"og:image:width\" content=\"1000\" \/>\n\t<meta property=\"og:image:height\" content=\"1000\" \/>\n\t<meta property=\"og:image:type\" content=\"image\/jpeg\" \/>\n<meta name=\"twitter:card\" content=\"summary_large_image\" \/>\n<script type=\"application\/ld+json\" class=\"yoast-schema-graph\">{\"@context\":\"https:\/\/schema.org\",\"@graph\":[{\"@type\":\"WebPage\",\"@id\":\"https:\/\/treizemondial.fr\/boutique\/rugby-a-xiii\/tasses-mugs\/xiii-baroudeur-de-pia-mug-anniversaire\/\",\"url\":\"https:\/\/treizemondial.fr\/boutique\/rugby-a-xiii\/tasses-mugs\/xiii-baroudeur-de-pia-mug-anniversaire\/\",\"name\":\"XIII Baroudeur de Pia - Mug (Anniversaire) - Treize Mondial\",\"isPartOf\":{\"@id\":\"https:\/\/treizemondial.fr\/boutique\/#website\"},\"primaryImageOfPage\":{\"@id\":\"https:\/\/treizemondial.fr\/boutique\/rugby-a-xiii\/tasses-mugs\/xiii-baroudeur-de-pia-mug-anniversaire\/#primaryimage\"},\"image\":{\"@id\":\"https:\/\/treizemondial.fr\/boutique\/rugby-a-xiii\/tasses-mugs\/xiii-baroudeur-de-pia-mug-anniversaire\/#primaryimage\"},\"thumbnailUrl\":\"https:\/\/treizemondial.fr\/boutique\/wp-content\/uploads\/2019\/01\/mockup-39b79736.jpg\",\"datePublished\":\"2018-01-12T13:33:43+00:00\",\"dateModified\":\"2019-03-08T14:35:13+00:00\",\"description\":\"XIII Baroudeur de Pia - Mug (Anniversaire) : Pour les 20 ans du club, rien de mieux que ce mug anniversaire collector aux couleurs du XIII Baroudeur de Pia.\",\"breadcrumb\":{\"@id\":\"https:\/\/treizemondial.fr\/boutique\/rugby-a-xiii\/tasses-mugs\/xiii-baroudeur-de-pia-mug-anniversaire\/#breadcrumb\"},\"inLanguage\":\"fr-FR\",\"potentialAction\":[{\"@type\":\"ReadAction\",\"target\":[\"https:\/\/treizemondial.fr\/boutique\/rugby-a-xiii\/tasses-mugs\/xiii-baroudeur-de-pia-mug-anniversaire\/\"]}]},{\"@type\":\"ImageObject\",\"inLanguage\":\"fr-FR\",\"@id\":\"https:\/\/treizemondial.fr\/boutique\/rugby-a-xiii\/tasses-mugs\/xiii-baroudeur-de-pia-mug-anniversaire\/#primaryimage\",\"url\":\"https:\/\/treizemondial.fr\/boutique\/wp-content\/uploads\/2019\/01\/mockup-39b79736.jpg\",\"contentUrl\":\"https:\/\/treizemondial.fr\/boutique\/wp-content\/uploads\/2019\/01\/mockup-39b79736.jpg\",\"width\":1000,\"height\":1000},{\"@type\":\"BreadcrumbList\",\"@id\":\"https:\/\/treizemondial.fr\/boutique\/rugby-a-xiii\/tasses-mugs\/xiii-baroudeur-de-pia-mug-anniversaire\/#breadcrumb\",\"itemListElement\":[{\"@type\":\"ListItem\",\"position\":1,\"name\":\"Accueil\",\"item\":\"https:\/\/treizemondial.fr\/boutique\/\"},{\"@type\":\"ListItem\",\"position\":2,\"name\":\"Produits\",\"item\":\"https:\/\/treizemondial.fr\/boutique\/produits\/\"},{\"@type\":\"ListItem\",\"position\":3,\"name\":\"XIII Baroudeur de Pia &#8211; Mug (Anniversaire)\"}]},{\"@type\":\"WebSite\",\"@id\":\"https:\/\/treizemondial.fr\/boutique\/#website\",\"url\":\"https:\/\/treizemondial.fr\/boutique\/\",\"name\":\"Treize Mondial\",\"description\":\"\",\"publisher\":{\"@id\":\"https:\/\/treizemondial.fr\/boutique\/#organization\"},\"potentialAction\":[{\"@type\":\"SearchAction\",\"target\":{\"@type\":\"EntryPoint\",\"urlTemplate\":\"https:\/\/treizemondial.fr\/boutique\/?s={search_term_string}\"},\"query-input\":{\"@type\":\"PropertyValueSpecification\",\"valueRequired\":true,\"valueName\":\"search_term_string\"}}],\"inLanguage\":\"fr-FR\"},{\"@type\":\"Organization\",\"@id\":\"https:\/\/treizemondial.fr\/boutique\/#organization\",\"name\":\"Treize Mondial\",\"url\":\"https:\/\/treizemondial.fr\/boutique\/\",\"logo\":{\"@type\":\"ImageObject\",\"inLanguage\":\"fr-FR\",\"@id\":\"https:\/\/treizemondial.fr\/boutique\/#\/schema\/logo\/image\/\",\"url\":\"https:\/\/treizemondial.fr\/boutique\/wp-content\/uploads\/2018\/12\/Logo-Treize-Mondial.png\",\"contentUrl\":\"https:\/\/treizemondial.fr\/boutique\/wp-content\/uploads\/2018\/12\/Logo-Treize-Mondial.png\",\"width\":100,\"height\":61,\"caption\":\"Treize Mondial\"},\"image\":{\"@id\":\"https:\/\/treizemondial.fr\/boutique\/#\/schema\/logo\/image\/\"}}]}<\/script>\n<!-- \/ Yoast SEO plugin. -->","yoast_head_json":{"title":"XIII Baroudeur de Pia - Mug (Anniversaire) - Treize Mondial","description":"XIII Baroudeur de Pia - Mug (Anniversaire) : Pour les 20 ans du club, rien de mieux que ce mug anniversaire collector aux couleurs du XIII Baroudeur de Pia.","robots":{"index":"index","follow":"follow","max-snippet":"max-snippet:-1","max-image-preview":"max-image-preview:large","max-video-preview":"max-video-preview:-1"},"canonical":"https:\/\/treizemondial.fr\/boutique\/rugby-a-xiii\/tasses-mugs\/xiii-baroudeur-de-pia-mug-anniversaire\/","og_locale":"fr_FR","og_type":"article","og_title":"XIII Baroudeur de Pia - Mug (Anniversaire) - Treize Mondial","og_description":"XIII Baroudeur de Pia - Mug (Anniversaire) : Pour les 20 ans du club, rien de mieux que ce mug anniversaire collector aux couleurs du XIII Baroudeur de Pia.","og_url":"https:\/\/treizemondial.fr\/boutique\/rugby-a-xiii\/tasses-mugs\/xiii-baroudeur-de-pia-mug-anniversaire\/","og_site_name":"Treize Mondial","article_modified_time":"2019-03-08T14:35:13+00:00","og_image":[{"width":1000,"height":1000,"url":"https:\/\/treizemondial.fr\/boutique\/wp-content\/uploads\/2019\/01\/mockup-39b79736.jpg","type":"image\/jpeg"}],"twitter_card":"summary_large_image","schema":{"@context":"https:\/\/schema.org","@graph":[{"@type":"WebPage","@id":"https:\/\/treizemondial.fr\/boutique\/rugby-a-xiii\/tasses-mugs\/xiii-baroudeur-de-pia-mug-anniversaire\/","url":"https:\/\/treizemondial.fr\/boutique\/rugby-a-xiii\/tasses-mugs\/xiii-baroudeur-de-pia-mug-anniversaire\/","name":"XIII Baroudeur de Pia - Mug (Anniversaire) - Treize Mondial","isPartOf":{"@id":"https:\/\/treizemondial.fr\/boutique\/#website"},"primaryImageOfPage":{"@id":"https:\/\/treizemondial.fr\/boutique\/rugby-a-xiii\/tasses-mugs\/xiii-baroudeur-de-pia-mug-anniversaire\/#primaryimage"},"image":{"@id":"https:\/\/treizemondial.fr\/boutique\/rugby-a-xiii\/tasses-mugs\/xiii-baroudeur-de-pia-mug-anniversaire\/#primaryimage"},"thumbnailUrl":"https:\/\/treizemondial.fr\/boutique\/wp-content\/uploads\/2019\/01\/mockup-39b79736.jpg","datePublished":"2018-01-12T13:33:43+00:00","dateModified":"2019-03-08T14:35:13+00:00","description":"XIII Baroudeur de Pia - Mug (Anniversaire) : Pour les 20 ans du club, rien de mieux que ce mug anniversaire collector aux couleurs du XIII Baroudeur de Pia.","breadcrumb":{"@id":"https:\/\/treizemondial.fr\/boutique\/rugby-a-xiii\/tasses-mugs\/xiii-baroudeur-de-pia-mug-anniversaire\/#breadcrumb"},"inLanguage":"fr-FR","potentialAction":[{"@type":"ReadAction","target":["https:\/\/treizemondial.fr\/boutique\/rugby-a-xiii\/tasses-mugs\/xiii-baroudeur-de-pia-mug-anniversaire\/"]}]},{"@type":"ImageObject","inLanguage":"fr-FR","@id":"https:\/\/treizemondial.fr\/boutique\/rugby-a-xiii\/tasses-mugs\/xiii-baroudeur-de-pia-mug-anniversaire\/#primaryimage","url":"https:\/\/treizemondial.fr\/boutique\/wp-content\/uploads\/2019\/01\/mockup-39b79736.jpg","contentUrl":"https:\/\/treizemondial.fr\/boutique\/wp-content\/uploads\/2019\/01\/mockup-39b79736.jpg","width":1000,"height":1000},{"@type":"BreadcrumbList","@id":"https:\/\/treizemondial.fr\/boutique\/rugby-a-xiii\/tasses-mugs\/xiii-baroudeur-de-pia-mug-anniversaire\/#breadcrumb","itemListElement":[{"@type":"ListItem","position":1,"name":"Accueil","item":"https:\/\/treizemondial.fr\/boutique\/"},{"@type":"ListItem","position":2,"name":"Produits","item":"https:\/\/treizemondial.fr\/boutique\/produits\/"},{"@type":"ListItem","position":3,"name":"XIII Baroudeur de Pia &#8211; Mug (Anniversaire)"}]},{"@type":"WebSite","@id":"https:\/\/treizemondial.fr\/boutique\/#website","url":"https:\/\/treizemondial.fr\/boutique\/","name":"Treize Mondial","description":"","publisher":{"@id":"https:\/\/treizemondial.fr\/boutique\/#organization"},"potentialAction":[{"@type":"SearchAction","target":{"@type":"EntryPoint","urlTemplate":"https:\/\/treizemondial.fr\/boutique\/?s={search_term_string}"},"query-input":{"@type":"PropertyValueSpecification","valueRequired":true,"valueName":"search_term_string"}}],"inLanguage":"fr-FR"},{"@type":"Organization","@id":"https:\/\/treizemondial.fr\/boutique\/#organization","name":"Treize Mondial","url":"https:\/\/treizemondial.fr\/boutique\/","logo":{"@type":"ImageObject","inLanguage":"fr-FR","@id":"https:\/\/treizemondial.fr\/boutique\/#\/schema\/logo\/image\/","url":"https:\/\/treizemondial.fr\/boutique\/wp-content\/uploads\/2018\/12\/Logo-Treize-Mondial.png","contentUrl":"https:\/\/treizemondial.fr\/boutique\/wp-content\/uploads\/2018\/12\/Logo-Treize-Mondial.png","width":100,"height":61,"caption":"Treize Mondial"},"image":{"@id":"https:\/\/treizemondial.fr\/boutique\/#\/schema\/logo\/image\/"}}]}},"jetpack_sharing_enabled":true,"_links":{"self":[{"href":"https:\/\/treizemondial.fr\/boutique\/wp-json\/wp\/v2\/product\/6064","targetHints":{"allow":["GET"]}}],"collection":[{"href":"https:\/\/treizemondial.fr\/boutique\/wp-json\/wp\/v2\/product"}],"about":[{"href":"https:\/\/treizemondial.fr\/boutique\/wp-json\/wp\/v2\/types\/product"}],"replies":[{"embeddable":true,"href":"https:\/\/treizemondial.fr\/boutique\/wp-json\/wp\/v2\/comments?post=6064"}],"wp:featuredmedia":[{"embeddable":true,"href":"https:\/\/treizemondial.fr\/boutique\/wp-json\/wp\/v2\/media\/6068"}],"wp:attachment":[{"href":"https:\/\/treizemondial.fr\/boutique\/wp-json\/wp\/v2\/media?parent=6064"}],"wp:term":[{"taxonomy":"product_brand","embeddable":true,"href":"https:\/\/treizemondial.fr\/boutique\/wp-json\/wp\/v2\/product_brand?post=6064"},{"taxonomy":"product_cat","embeddable":true,"href":"https:\/\/treizemondial.fr\/boutique\/wp-json\/wp\/v2\/product_cat?post=6064"},{"taxonomy":"product_tag","embeddable":true,"href":"https:\/\/treizemondial.fr\/boutique\/wp-json\/wp\/v2\/product_tag?post=6064"}],"curies":[{"name":"wp","href":"https:\/\/api.w.org\/{rel}","templated":true}]}}