{"id":1403,"date":"2018-12-06T16:55:51","date_gmt":"2018-12-06T15:55:51","guid":{"rendered":"https:\/\/treizemondial.fr\/boutique\/rugby-a-xiii\/non%20class\u00e9\/yes-papa\/"},"modified":"2021-09-13T13:32:40","modified_gmt":"2021-09-13T11:32:40","slug":"yes-papa","status":"publish","type":"product","link":"https:\/\/treizemondial.fr\/boutique\/rugby-a-xiii\/t-shirts\/yes-papa\/","title":{"rendered":"Yes Papa"},"content":{"rendered":"<p>Le tube de l&rsquo;\u00e9t\u00e9 2018, Yes Papa !<\/p>\n<p>\u2014\u2014\u2014\u2014\u2014\u2014\u2013<\/p>\n<p>Tee shirt : Il est fait d\u2019un coton \u00e9pais mais doux. Et les doubles coutures sur l\u2019encolure et les manches ajoutent plus de durabilit\u00e9 \u00e0 ce qui est s\u00fbr d\u2019\u00eatre un favori de votre garde robe !<\/p>\n<p>\u2022 100% coton fil\u00e9<br \/>\n\u2022 4,5 oz (153 g \/ m2)<br \/>\n\u2022 Pr\u00e9-r\u00e9tr\u00e9ci<br \/>\n\u2022 bandage \u00e9paule \u00e0 \u00e9paule<br \/>\n\u2022 quart de tour pour \u00e9viter le pli au centre<\/p>\n","protected":false},"excerpt":{"rendered":"<p style=\"text-align: justify;\"><strong>Livraison gratuite sous 15 jours partout dans le monde<\/strong><\/p>\n<p style=\"text-align: justify;\"><strong>Free delivery within 15 days all over the world<\/strong><\/p>\n","protected":false},"featured_media":1411,"comment_status":"open","ping_status":"closed","template":"","meta":[],"product_brand":[],"product_cat":[16],"product_tag":[],"class_list":{"0":"post-1403","1":"product","2":"type-product","3":"status-publish","4":"has-post-thumbnail","6":"product_cat-t-shirts","8":"first","9":"instock","10":"taxable","11":"shipping-taxable","12":"purchasable","13":"product-type-variable","14":"has-default-attributes"},"yoast_head":"<!-- This site is optimized with the Yoast SEO plugin v26.0 - https:\/\/yoast.com\/wordpress\/plugins\/seo\/ -->\n<title>Yes Papa - Treize Mondial<\/title>\n<meta name=\"robots\" content=\"index, follow, max-snippet:-1, max-image-preview:large, max-video-preview:-1\" \/>\n<link rel=\"canonical\" href=\"https:\/\/treizemondial.fr\/boutique\/rugby-a-xiii\/t-shirts\/yes-papa\/\" \/>\n<meta property=\"og:locale\" content=\"fr_FR\" \/>\n<meta property=\"og:type\" content=\"article\" \/>\n<meta property=\"og:title\" content=\"Yes Papa - Treize Mondial\" \/>\n<meta property=\"og:description\" content=\"Livraison gratuite sous 15 jours partout dans le monde Free delivery within 15 days all over the world\" \/>\n<meta property=\"og:url\" content=\"https:\/\/treizemondial.fr\/boutique\/rugby-a-xiii\/t-shirts\/yes-papa\/\" \/>\n<meta property=\"og:site_name\" content=\"Treize Mondial\" \/>\n<meta property=\"article:modified_time\" content=\"2021-09-13T11:32:40+00:00\" \/>\n<meta property=\"og:image\" content=\"https:\/\/treizemondial.fr\/boutique\/wp-content\/uploads\/2018\/12\/mockup-b054aa93.jpg\" \/>\n\t<meta property=\"og:image:width\" content=\"1000\" \/>\n\t<meta property=\"og:image:height\" content=\"1000\" \/>\n\t<meta property=\"og:image:type\" content=\"image\/jpeg\" \/>\n<meta name=\"twitter:card\" content=\"summary_large_image\" \/>\n<script type=\"application\/ld+json\" class=\"yoast-schema-graph\">{\"@context\":\"https:\/\/schema.org\",\"@graph\":[{\"@type\":\"WebPage\",\"@id\":\"https:\/\/treizemondial.fr\/boutique\/rugby-a-xiii\/t-shirts\/yes-papa\/\",\"url\":\"https:\/\/treizemondial.fr\/boutique\/rugby-a-xiii\/t-shirts\/yes-papa\/\",\"name\":\"Yes Papa - Treize Mondial\",\"isPartOf\":{\"@id\":\"https:\/\/treizemondial.fr\/boutique\/#website\"},\"primaryImageOfPage\":{\"@id\":\"https:\/\/treizemondial.fr\/boutique\/rugby-a-xiii\/t-shirts\/yes-papa\/#primaryimage\"},\"image\":{\"@id\":\"https:\/\/treizemondial.fr\/boutique\/rugby-a-xiii\/t-shirts\/yes-papa\/#primaryimage\"},\"thumbnailUrl\":\"https:\/\/treizemondial.fr\/boutique\/wp-content\/uploads\/2018\/12\/mockup-b054aa93.jpg\",\"datePublished\":\"2018-12-06T15:55:51+00:00\",\"dateModified\":\"2021-09-13T11:32:40+00:00\",\"breadcrumb\":{\"@id\":\"https:\/\/treizemondial.fr\/boutique\/rugby-a-xiii\/t-shirts\/yes-papa\/#breadcrumb\"},\"inLanguage\":\"fr-FR\",\"potentialAction\":[{\"@type\":\"ReadAction\",\"target\":[\"https:\/\/treizemondial.fr\/boutique\/rugby-a-xiii\/t-shirts\/yes-papa\/\"]}]},{\"@type\":\"ImageObject\",\"inLanguage\":\"fr-FR\",\"@id\":\"https:\/\/treizemondial.fr\/boutique\/rugby-a-xiii\/t-shirts\/yes-papa\/#primaryimage\",\"url\":\"https:\/\/treizemondial.fr\/boutique\/wp-content\/uploads\/2018\/12\/mockup-b054aa93.jpg\",\"contentUrl\":\"https:\/\/treizemondial.fr\/boutique\/wp-content\/uploads\/2018\/12\/mockup-b054aa93.jpg\",\"width\":1000,\"height\":1000},{\"@type\":\"BreadcrumbList\",\"@id\":\"https:\/\/treizemondial.fr\/boutique\/rugby-a-xiii\/t-shirts\/yes-papa\/#breadcrumb\",\"itemListElement\":[{\"@type\":\"ListItem\",\"position\":1,\"name\":\"Accueil\",\"item\":\"https:\/\/treizemondial.fr\/boutique\/\"},{\"@type\":\"ListItem\",\"position\":2,\"name\":\"Produits\",\"item\":\"https:\/\/treizemondial.fr\/boutique\/produits\/\"},{\"@type\":\"ListItem\",\"position\":3,\"name\":\"Yes Papa\"}]},{\"@type\":\"WebSite\",\"@id\":\"https:\/\/treizemondial.fr\/boutique\/#website\",\"url\":\"https:\/\/treizemondial.fr\/boutique\/\",\"name\":\"Treize Mondial\",\"description\":\"\",\"publisher\":{\"@id\":\"https:\/\/treizemondial.fr\/boutique\/#organization\"},\"potentialAction\":[{\"@type\":\"SearchAction\",\"target\":{\"@type\":\"EntryPoint\",\"urlTemplate\":\"https:\/\/treizemondial.fr\/boutique\/?s={search_term_string}\"},\"query-input\":{\"@type\":\"PropertyValueSpecification\",\"valueRequired\":true,\"valueName\":\"search_term_string\"}}],\"inLanguage\":\"fr-FR\"},{\"@type\":\"Organization\",\"@id\":\"https:\/\/treizemondial.fr\/boutique\/#organization\",\"name\":\"Treize Mondial\",\"url\":\"https:\/\/treizemondial.fr\/boutique\/\",\"logo\":{\"@type\":\"ImageObject\",\"inLanguage\":\"fr-FR\",\"@id\":\"https:\/\/treizemondial.fr\/boutique\/#\/schema\/logo\/image\/\",\"url\":\"https:\/\/treizemondial.fr\/boutique\/wp-content\/uploads\/2018\/12\/Logo-Treize-Mondial.png\",\"contentUrl\":\"https:\/\/treizemondial.fr\/boutique\/wp-content\/uploads\/2018\/12\/Logo-Treize-Mondial.png\",\"width\":100,\"height\":61,\"caption\":\"Treize Mondial\"},\"image\":{\"@id\":\"https:\/\/treizemondial.fr\/boutique\/#\/schema\/logo\/image\/\"}}]}<\/script>\n<!-- \/ Yoast SEO plugin. -->","yoast_head_json":{"title":"Yes Papa - Treize Mondial","robots":{"index":"index","follow":"follow","max-snippet":"max-snippet:-1","max-image-preview":"max-image-preview:large","max-video-preview":"max-video-preview:-1"},"canonical":"https:\/\/treizemondial.fr\/boutique\/rugby-a-xiii\/t-shirts\/yes-papa\/","og_locale":"fr_FR","og_type":"article","og_title":"Yes Papa - Treize Mondial","og_description":"Livraison gratuite sous 15 jours partout dans le monde Free delivery within 15 days all over the world","og_url":"https:\/\/treizemondial.fr\/boutique\/rugby-a-xiii\/t-shirts\/yes-papa\/","og_site_name":"Treize Mondial","article_modified_time":"2021-09-13T11:32:40+00:00","og_image":[{"width":1000,"height":1000,"url":"https:\/\/treizemondial.fr\/boutique\/wp-content\/uploads\/2018\/12\/mockup-b054aa93.jpg","type":"image\/jpeg"}],"twitter_card":"summary_large_image","schema":{"@context":"https:\/\/schema.org","@graph":[{"@type":"WebPage","@id":"https:\/\/treizemondial.fr\/boutique\/rugby-a-xiii\/t-shirts\/yes-papa\/","url":"https:\/\/treizemondial.fr\/boutique\/rugby-a-xiii\/t-shirts\/yes-papa\/","name":"Yes Papa - Treize Mondial","isPartOf":{"@id":"https:\/\/treizemondial.fr\/boutique\/#website"},"primaryImageOfPage":{"@id":"https:\/\/treizemondial.fr\/boutique\/rugby-a-xiii\/t-shirts\/yes-papa\/#primaryimage"},"image":{"@id":"https:\/\/treizemondial.fr\/boutique\/rugby-a-xiii\/t-shirts\/yes-papa\/#primaryimage"},"thumbnailUrl":"https:\/\/treizemondial.fr\/boutique\/wp-content\/uploads\/2018\/12\/mockup-b054aa93.jpg","datePublished":"2018-12-06T15:55:51+00:00","dateModified":"2021-09-13T11:32:40+00:00","breadcrumb":{"@id":"https:\/\/treizemondial.fr\/boutique\/rugby-a-xiii\/t-shirts\/yes-papa\/#breadcrumb"},"inLanguage":"fr-FR","potentialAction":[{"@type":"ReadAction","target":["https:\/\/treizemondial.fr\/boutique\/rugby-a-xiii\/t-shirts\/yes-papa\/"]}]},{"@type":"ImageObject","inLanguage":"fr-FR","@id":"https:\/\/treizemondial.fr\/boutique\/rugby-a-xiii\/t-shirts\/yes-papa\/#primaryimage","url":"https:\/\/treizemondial.fr\/boutique\/wp-content\/uploads\/2018\/12\/mockup-b054aa93.jpg","contentUrl":"https:\/\/treizemondial.fr\/boutique\/wp-content\/uploads\/2018\/12\/mockup-b054aa93.jpg","width":1000,"height":1000},{"@type":"BreadcrumbList","@id":"https:\/\/treizemondial.fr\/boutique\/rugby-a-xiii\/t-shirts\/yes-papa\/#breadcrumb","itemListElement":[{"@type":"ListItem","position":1,"name":"Accueil","item":"https:\/\/treizemondial.fr\/boutique\/"},{"@type":"ListItem","position":2,"name":"Produits","item":"https:\/\/treizemondial.fr\/boutique\/produits\/"},{"@type":"ListItem","position":3,"name":"Yes Papa"}]},{"@type":"WebSite","@id":"https:\/\/treizemondial.fr\/boutique\/#website","url":"https:\/\/treizemondial.fr\/boutique\/","name":"Treize Mondial","description":"","publisher":{"@id":"https:\/\/treizemondial.fr\/boutique\/#organization"},"potentialAction":[{"@type":"SearchAction","target":{"@type":"EntryPoint","urlTemplate":"https:\/\/treizemondial.fr\/boutique\/?s={search_term_string}"},"query-input":{"@type":"PropertyValueSpecification","valueRequired":true,"valueName":"search_term_string"}}],"inLanguage":"fr-FR"},{"@type":"Organization","@id":"https:\/\/treizemondial.fr\/boutique\/#organization","name":"Treize Mondial","url":"https:\/\/treizemondial.fr\/boutique\/","logo":{"@type":"ImageObject","inLanguage":"fr-FR","@id":"https:\/\/treizemondial.fr\/boutique\/#\/schema\/logo\/image\/","url":"https:\/\/treizemondial.fr\/boutique\/wp-content\/uploads\/2018\/12\/Logo-Treize-Mondial.png","contentUrl":"https:\/\/treizemondial.fr\/boutique\/wp-content\/uploads\/2018\/12\/Logo-Treize-Mondial.png","width":100,"height":61,"caption":"Treize Mondial"},"image":{"@id":"https:\/\/treizemondial.fr\/boutique\/#\/schema\/logo\/image\/"}}]}},"jetpack_sharing_enabled":true,"_links":{"self":[{"href":"https:\/\/treizemondial.fr\/boutique\/wp-json\/wp\/v2\/product\/1403","targetHints":{"allow":["GET"]}}],"collection":[{"href":"https:\/\/treizemondial.fr\/boutique\/wp-json\/wp\/v2\/product"}],"about":[{"href":"https:\/\/treizemondial.fr\/boutique\/wp-json\/wp\/v2\/types\/product"}],"replies":[{"embeddable":true,"href":"https:\/\/treizemondial.fr\/boutique\/wp-json\/wp\/v2\/comments?post=1403"}],"wp:featuredmedia":[{"embeddable":true,"href":"https:\/\/treizemondial.fr\/boutique\/wp-json\/wp\/v2\/media\/1411"}],"wp:attachment":[{"href":"https:\/\/treizemondial.fr\/boutique\/wp-json\/wp\/v2\/media?parent=1403"}],"wp:term":[{"taxonomy":"product_brand","embeddable":true,"href":"https:\/\/treizemondial.fr\/boutique\/wp-json\/wp\/v2\/product_brand?post=1403"},{"taxonomy":"product_cat","embeddable":true,"href":"https:\/\/treizemondial.fr\/boutique\/wp-json\/wp\/v2\/product_cat?post=1403"},{"taxonomy":"product_tag","embeddable":true,"href":"https:\/\/treizemondial.fr\/boutique\/wp-json\/wp\/v2\/product_tag?post=1403"}],"curies":[{"name":"wp","href":"https:\/\/api.w.org\/{rel}","templated":true}]}}